{"id":54,"date":"2016-10-24T20:11:21","date_gmt":"2016-10-24T18:11:21","guid":{"rendered":"http:\/\/www.bohemiarecords.cz\/?page_id=54"},"modified":"2024-06-24T09:54:02","modified_gmt":"2024-06-24T07:54:02","slug":"kontakt","status":"publish","type":"page","link":"https:\/\/www.bohemiarecords.cz\/?page_id=54&lang=cs","title":{"rendered":"KONTAKT"},"content":{"rendered":"<p><img decoding=\"async\" loading=\"lazy\" class=\"size-full wp-image-1412 aligncenter\" src=\"https:\/\/www.bohemiarecords.cz\/wp-content\/uploads\/2022\/04\/BR-logo.png\" alt=\"\" width=\"219\" height=\"120\" \/><\/p>\n<p style=\"text-align: center;\"><span style=\"color: #ffffff;\">Bohemia Records s. r. o.<\/span><\/p>\n<p style=\"text-align: center;\"><span style=\"color: #ffffff;\">Rybn\u00e1 716\/24,\u00a0110 00 Praha 1 &#8211;\u00a0Star\u00e9 M\u011bsto<\/span><\/p>\n<p style=\"text-align: center;\"><span style=\"color: #ffffff;\">I\u010c: 07157878\u00a0 \u00a0DI\u010c: CZ07157878<\/span><\/p>\n<p style=\"text-align: center;\"><span style=\"color: #ffffff;\">E-mail:\u00a0<a style=\"color: #ffffff;\" href=\"mailto:info@bohemiarecords.cz\">info@bohemiarecords.cz<\/a><\/span><\/p>\n<p style=\"text-align: center;\">\u00a0<\/p>\n\n\n<p><\/p>\n","protected":false},"excerpt":{"rendered":"<p>Bohemia Records s. r. o. Rybn\u00e1 716\/24,\u00a0110 00 Praha 1 &#8211;\u00a0Star\u00e9 M\u011bsto I\u010c: 07157878\u00a0 \u00a0DI\u010c: CZ07157878 E-mail:\u00a0info@bohemiarecords.cz \u00a0<\/p>\n","protected":false},"author":1,"featured_media":0,"parent":0,"menu_order":0,"comment_status":"closed","ping_status":"closed","template":"templates\/full-width-page.php","meta":[],"_links":{"self":[{"href":"https:\/\/www.bohemiarecords.cz\/index.php?rest_route=\/wp\/v2\/pages\/54"}],"collection":[{"href":"https:\/\/www.bohemiarecords.cz\/index.php?rest_route=\/wp\/v2\/pages"}],"about":[{"href":"https:\/\/www.bohemiarecords.cz\/index.php?rest_route=\/wp\/v2\/types\/page"}],"author":[{"embeddable":true,"href":"https:\/\/www.bohemiarecords.cz\/index.php?rest_route=\/wp\/v2\/users\/1"}],"replies":[{"embeddable":true,"href":"https:\/\/www.bohemiarecords.cz\/index.php?rest_route=%2Fwp%2Fv2%2Fcomments&post=54"}],"version-history":[{"count":82,"href":"https:\/\/www.bohemiarecords.cz\/index.php?rest_route=\/wp\/v2\/pages\/54\/revisions"}],"predecessor-version":[{"id":1497,"href":"https:\/\/www.bohemiarecords.cz\/index.php?rest_route=\/wp\/v2\/pages\/54\/revisions\/1497"}],"wp:attachment":[{"href":"https:\/\/www.bohemiarecords.cz\/index.php?rest_route=%2Fwp%2Fv2%2Fmedia&parent=54"}],"curies":[{"name":"wp","href":"https:\/\/api.w.org\/{rel}","templated":true}]}}